{"id":211,"date":"2025-07-21T20:29:49","date_gmt":"2025-07-21T20:29:49","guid":{"rendered":"https:\/\/sci-csi.org\/?page_id=211"},"modified":"2026-01-27T14:50:50","modified_gmt":"2026-01-27T14:50:50","slug":"our-services","status":"publish","type":"page","link":"https:\/\/sci-csi.org\/en\/our-services\/","title":{"rendered":"Our services"},"content":{"rendered":"<div class=\"wpb-content-wrapper\"><p>[vc_row gap=&#8221;35&#8243; equal_height=&#8221;yes&#8221; content_placement=&#8221;middle&#8221;][vc_column css_animation=&#8221;fadeInLeft&#8221; width=&#8221;5\/12&#8243;][vc_single_image image=&#8221;221&#8243; img_size=&#8221;large&#8221; alignment=&#8221;center&#8221; css=&#8221;&#8221;][\/vc_column][vc_column css_animation=&#8221;fadeInRight&#8221; width=&#8221;7\/12&#8243;][vc_column_text css=&#8221;&#8221;]<\/p>\n<h2><b>Pooling Local Expertise<\/b><\/h2>\n<p>In some regions, hospitals located close to each other can be grouped to develop clinical research activities. Several of these hospitals or healthcare centers have already participated in clinical trials in collaboration with national and international institutions. SCI is working on structuring networks to facilitate the sharing of experience and expertise among these facilities.[\/vc_column_text][\/vc_column][\/vc_row][vc_row gap=&#8221;35&#8243; equal_height=&#8221;yes&#8221; content_placement=&#8221;middle&#8221;][vc_column css_animation=&#8221;fadeInLeft&#8221;][vc_column_text css=&#8221;&#8221;]<\/p>\n<h2 style=\"text-align: center;\">Join our working groups<\/h2>\n<p>[\/vc_column_text][vc_single_image image=&#8221;215&#8243; img_size=&#8221;large&#8221; alignment=&#8221;center&#8221; css=&#8221;&#8221;][\/vc_column][\/vc_row][vc_row gap=&#8221;35&#8243; equal_height=&#8221;yes&#8221; content_placement=&#8221;middle&#8221;][vc_column css_animation=&#8221;fadeInLeft&#8221;][vc_column_text css=&#8221;&#8221;]<\/p>\n<h2 style=\"text-align: center;\">Join our ethics committee projects<\/h2>\n<p>[\/vc_column_text][vc_column_text css=&#8221;&#8221;]<\/p>\n<p style=\"text-align: center;\">The role of a Research Ethics Committee (REC) or an Independent Ethics Committee (IEC) is to ensure the rights, safety, and well-being of all participants in clinical trials. Special attention must be given to clinical trials that recruit vulnerable participants.<\/p>\n<p>[\/vc_column_text][vc_single_image image=&#8221;219&#8243; img_size=&#8221;large&#8221; alignment=&#8221;center&#8221; css=&#8221;&#8221;][vc_column_text css=&#8221;&#8221;]<\/p>\n<p style=\"text-align: center;\">Write to us at <a href=\"mailto:info@sci-csi.org\">info@sci-csi.org<\/a> with the subject line: Working Group or Ethics Committee, or Working Group and Ethics Committee to join the SCI-Clinical Trials Without Borders team.<\/p>\n<p>[\/vc_column_text][\/vc_column][\/vc_row][vc_row][vc_column css_animation=&#8221;fadeInUp&#8221;][vc_separator el_width=&#8221;80&#8243; css=&#8221;.vc_custom_1753317335402{margin-top: 70px !important;margin-bottom: 70px !important;}&#8221;][\/vc_column][\/vc_row][vc_row gap=&#8221;35&#8243; equal_height=&#8221;yes&#8221; content_placement=&#8221;middle&#8221;][vc_column css_animation=&#8221;fadeInLeft&#8221; width=&#8221;7\/12&#8243;][vc_column_text css=&#8221;&#8221;]<\/p>\n<h2><b>Liaison avec des laboratoires internationaux<\/b><\/h2>\n<p>Certains types de tests ou d\u2019analyses ne sont pas disponibles localement. Nous fournissons une assistance \u00e0 la recherche d\u2019institutions ou entreprises reconnues offrant le service en demande..<\/p>\n<p>&nbsp;<\/p>\n<p>[\/vc_column_text][\/vc_column][vc_column css_animation=&#8221;fadeInRight&#8221; width=&#8221;5\/12&#8243;][vc_single_image image=&#8221;218&#8243; img_size=&#8221;large&#8221; alignment=&#8221;center&#8221; css=&#8221;&#8221;][\/vc_column][\/vc_row][vc_row][vc_column css_animation=&#8221;fadeInUp&#8221;][vc_separator el_width=&#8221;80&#8243; css=&#8221;.vc_custom_1753317335402{margin-top: 70px !important;margin-bottom: 70px !important;}&#8221;][\/vc_column][\/vc_row][vc_row gap=&#8221;35&#8243; equal_height=&#8221;yes&#8221; content_placement=&#8221;middle&#8221;][vc_column css_animation=&#8221;fadeInLeft&#8221; width=&#8221;5\/12&#8243;][vc_single_image image=&#8221;220&#8243; img_size=&#8221;large&#8221; alignment=&#8221;center&#8221; css=&#8221;&#8221;][\/vc_column][vc_column css_animation=&#8221;fadeInRight&#8221; width=&#8221;7\/12&#8243;][vc_column_text css=&#8221;&#8221;]<\/p>\n<h2><b>Information on Research Conducted Beyond Local Borders<\/b><\/h2>\n<p>SCI focuses its efforts on collecting and disseminating freely accessible scientific information.<\/p>\n<p>See the list of open-access scientific journals selected by SCI. Click on the links in the right-hand column to access them for free.<br \/>\n[\/vc_column_text][\/vc_column][vc_column width=&#8221;12\/12&#8243;][vc_column_text css=&#8221;&#8221;]<\/p>\n<table width=\"477\">\n<tbody>\n<tr>\n<td class=\"highlight-cell\" width=\"130\"><b>Revue<\/b><\/td>\n<td class=\"highlight-cell\" width=\"46\"><b>Type d\u2019acc\u00e8s<\/b><\/td>\n<td class=\"highlight-cell\" width=\"96\"><b>Th\u00e9matique principale<\/b><\/td>\n<td class=\"highlight-cell\" width=\"205\"><b>Lien<\/b><\/td>\n<\/tr>\n<tr>\n<td class=\"highlight-cell\" width=\"130\"><b>Bolet\u00edn Latinoamericano y del Caribe de Plantas Medicinales y Arom\u00e1ticas<\/b><\/td>\n<td width=\"46\">Open Access<\/td>\n<td width=\"96\">Plantes m\u00e9dicinales et aromatiques (Am\u00e9rique latine)<\/td>\n<td width=\"205\"><u><a href=\"http:\/\/www.blacpma.ms-editions.cl\/\">http:\/\/www.blacpma.ms-editions.cl<\/a><\/u><\/td>\n<\/tr>\n<tr>\n<td class=\"highlight-cell\" width=\"130\"><b>African Journal of Traditional, Complementary and Alternative Medicines<\/b><\/td>\n<td width=\"46\">Open Access<\/td>\n<td width=\"96\">M\u00e9decine traditionnelle (Afrique)<\/td>\n<td width=\"205\"><u><a href=\"https:\/\/www.ajol.info\/index.php\/ajtcam\">https:\/\/www.ajol.info\/index.php\/ajtcam<\/a><\/u><\/td>\n<\/tr>\n<tr>\n<td class=\"highlight-cell\" width=\"130\"><b>Folia Horticulturae<\/b><\/td>\n<td width=\"46\">Open Access<\/td>\n<td width=\"96\">Horticulture, y compris plantes m\u00e9dicinales<\/td>\n<td width=\"205\"><u><a href=\"https:\/\/link.springer.com\/journal\/12298\">https:\/\/link.springer.com\/journal\/12298<\/a><\/u><\/td>\n<\/tr>\n<tr>\n<td class=\"highlight-cell\" width=\"130\"><b>PhytoKeys<\/b><\/td>\n<td width=\"46\">Open Access<\/td>\n<td width=\"96\">Botanique syst\u00e9matique<\/td>\n<td width=\"205\"><u><a href=\"https:\/\/phytokeys.pensoft.net\/\">https:\/\/phytokeys.pensoft.net<\/a><\/u><\/td>\n<\/tr>\n<tr>\n<td class=\"highlight-cell\" width=\"130\"><b>Journal of Medicinal Plants for Economic Development (JOMPED)<\/b><\/td>\n<td width=\"46\">Open Access<\/td>\n<td width=\"96\">D\u00e9veloppement \u00e9conomique via plantes m\u00e9dicinales<\/td>\n<td width=\"205\"><u><a href=\"https:\/\/jomped.org\/index.php\/jomped\">https:\/\/jomped.org\/index.php\/jomped<\/a><\/u><\/td>\n<\/tr>\n<tr>\n<td class=\"highlight-cell\" width=\"130\"><b>Open Access Journal of Medicinal and Aromatic Plants (OAJMAP)<\/b><\/td>\n<td width=\"46\">Open Access<\/td>\n<td width=\"96\">Plantes m\u00e9dicinales et aromatiques (Inde)<\/td>\n<td width=\"205\"><u><a href=\"http:\/\/oajmap.org\/\">http:\/\/oajmap.org<\/a><\/u><\/td>\n<\/tr>\n<tr>\n<td class=\"highlight-cell\" width=\"130\"><b>Journal of Medicinal Plants<\/b><\/td>\n<td width=\"46\">Open Access<\/td>\n<td width=\"96\">Plantes m\u00e9dicinales g\u00e9n\u00e9rales<\/td>\n<td width=\"205\"><u><a href=\"https:\/\/doaj.org\/toc\/2717-2058\">https:\/\/doaj.org\/toc\/2717-2058<\/a><\/u><\/td>\n<\/tr>\n<tr>\n<td class=\"highlight-cell\" width=\"130\"><b>Journal of Ethnobiology and Ethnomedicine<\/b><\/td>\n<td width=\"46\">Open Access<\/td>\n<td width=\"96\">Ethnobiologie, ethnom\u00e9decine<\/td>\n<td width=\"205\"><u><a href=\"https:\/\/ethnobiomed.biomedcentral.com\/\">https:\/\/ethnobiomed.biomedcentral.com<\/a><\/u><\/td>\n<\/tr>\n<tr>\n<td class=\"highlight-cell\" width=\"130\"><b>Ethnobotany Research and Applications<\/b><\/td>\n<td width=\"46\">Open Access<\/td>\n<td width=\"96\">Applications ethnobotaniques<\/td>\n<td width=\"205\"><u><a href=\"https:\/\/ethnobotanyjournal.org\/\">https:\/\/ethnobotanyjournal.org<\/a><\/u><\/td>\n<\/tr>\n<tr>\n<td class=\"highlight-cell\" width=\"130\"><b>International Journal of Phytomedicine<\/b><\/td>\n<td width=\"46\">Open Access<\/td>\n<td width=\"96\">Phytom\u00e9decine<\/td>\n<td width=\"205\"><u><a href=\"https:\/\/www.phytojournal.com\/\">https:\/\/www.phytojournal.com<\/a><\/u><\/td>\n<\/tr>\n<tr>\n<td class=\"highlight-cell\" width=\"130\"><b>Journal of Food and Medicinal Plants<\/b><\/td>\n<td width=\"46\">Open Access<\/td>\n<td width=\"96\">Alimentation et plantes m\u00e9dicinales<\/td>\n<td width=\"205\"><u><a href=\"https:\/\/jfmpc.com\/\">https:\/\/jfmpc.com<\/a><\/u><\/td>\n<\/tr>\n<\/tbody>\n<\/table>\n<p>[\/vc_column_text][\/vc_column][\/vc_row][vc_row][vc_column css_animation=&#8221;fadeInUp&#8221;][vc_separator el_width=&#8221;80&#8243; css=&#8221;.vc_custom_1753317335402{margin-top: 70px !important;margin-bottom: 70px !important;}&#8221;][\/vc_column][\/vc_row][vc_row gap=&#8221;35&#8243; equal_height=&#8221;yes&#8221; content_placement=&#8221;middle&#8221;][vc_column css_animation=&#8221;fadeInRight&#8221;][vc_column_text css=&#8221;&#8221;]<\/p>\n<h2 style=\"text-align: center;\"><b>Information on Major Clinical Trial Registries Worldwide<\/b><\/h2>\n<p>[\/vc_column_text][vc_column_text css=&#8221;&#8221;]<\/p>\n<table>\n<tbody>\n<tr>\n<td><strong>Directory Name<\/strong><\/td>\n<td><strong>Geographic Location<\/strong><\/td>\n<td><strong>Link<\/strong><\/td>\n<\/tr>\n<tr>\n<td>ClinicalTrials.gov<\/td>\n<td>USA &amp; Internation<\/td>\n<td><a href=\"https:\/\/clinicaltrials.gov\/\">https:\/\/clinicaltrials.gov<\/a><\/td>\n<\/tr>\n<tr>\n<td>WHO ICTRP \u2013 International Clinical Trials Registry Platform<\/td>\n<td>World Health Organization &#8211; Global<\/td>\n<td><a href=\"https:\/\/www.who.int\/tools\/clinical-trials-registry-platform\">https:\/\/www.who.int\/tools\/clinical-trials-registry-platform<\/a><\/td>\n<\/tr>\n<tr>\n<td>ISRCTN Registry<\/td>\n<td>International<\/td>\n<td><a href=\"https:\/\/www.isrctn.com\/\">https:\/\/www.isrctn.com<\/a><\/td>\n<\/tr>\n<tr>\n<td>EU Clinical Trials Register (EudraCT \/ EU\u2011CTR \/ CTIS)<\/td>\n<td>European Union<\/td>\n<td><a href=\"https:\/\/www.clinicaltrialsregister.eu\/\">https:\/\/www.clinicaltrialsregister.eu<\/a><\/td>\n<\/tr>\n<tr>\n<td>Chinese Clinical Trial Registry (ChiCTR)<\/td>\n<td>China<\/td>\n<td><a href=\"https:\/\/www.chictr.org.cn\/\">https:\/\/www.chictr.org.cn<\/a><\/td>\n<\/tr>\n<tr>\n<td>Clinical Trials Registry \u2013 India (CTRI)<\/td>\n<td>India<\/td>\n<td><a href=\"https:\/\/ctri.nic.in\/\">https:\/\/ctri.nic.in<\/a><\/td>\n<\/tr>\n<tr>\n<td>German Clinical Trials Register (DRKS)<\/td>\n<td>Germany<\/td>\n<td><a href=\"https:\/\/www.drks.de\/\">https:\/\/www.drks.de<\/a><\/td>\n<\/tr>\n<tr>\n<td>Australian New Zealand Clinical Trials Registry (ANZCTR)<\/td>\n<td>Australia &amp; New Zealand<\/td>\n<td><a href=\"https:\/\/www.anzctr.org.au\/\">https:\/\/www.anzctr.org.au<\/a><\/td>\n<\/tr>\n<tr>\n<td>Sri Lanka Clinical Trials Registry (SLCTR)<\/td>\n<td>Sri Lanka<\/td>\n<td><a href=\"http:\/\/slctr.lk\/\">http:\/\/slctr.lk<\/a><\/td>\n<\/tr>\n<tr>\n<td>Peruvian Clinical Trial Registry (REPEC)<\/td>\n<td>Peru<\/td>\n<td><a href=\"https:\/\/www.repec.org.pe\/\">https:\/\/www.repec.org.pe<\/a><\/td>\n<\/tr>\n<tr>\n<td>Pan African Clinical Trial Registry (PACTR)<\/td>\n<td>Africa<\/td>\n<td><a href=\"https:\/\/pactr.samrc.ac.za\/\">https:\/\/pactr.samrc.ac.za<\/a><\/td>\n<\/tr>\n<tr>\n<td>Japan Primary Registries Network (JPRN)<\/td>\n<td>Japan<\/td>\n<td><a href=\"https:\/\/www.jrpn.jp\/\">https:\/\/www.jrpn.jp<\/a><\/td>\n<\/tr>\n<tr>\n<td>Clinical Research Information Service (CRiS)<\/td>\n<td>South Korea<\/td>\n<td><a href=\"https:\/\/cris.nih.go.kr\/\">https:\/\/cris.nih.go.kr<\/a><\/td>\n<\/tr>\n<tr>\n<td>Lebanese Clinical Trials Registry (LBCTR)<\/td>\n<td>Lebanon<\/td>\n<td><a href=\"https:\/\/lbctr.moph.gov.lb\/\">https:\/\/lbctr.moph.gov.lb<\/a><\/td>\n<\/tr>\n<tr>\n<td>Thai Clinical Trials Registry (TCTR)<\/td>\n<td>Thailand<\/td>\n<td><a href=\"https:\/\/www.thaiclinicaltrials.org\/\">https:\/\/www.thaiclinicaltrials.org<\/a><\/td>\n<\/tr>\n<\/tbody>\n<\/table>\n<p><strong>\u00a0<\/strong>[\/vc_column_text][\/vc_column][\/vc_row]<\/p>\n<\/div>","protected":false},"excerpt":{"rendered":"<p>[vc_row gap=&#8221;35&#8243; equal_height=&#8221;yes&#8221; content_placement=&#8221;middle&#8221;][vc_column css_animation=&#8221;fadeInLeft&#8221; width=&#8221;5\/12&#8243;][vc_single_image image=&#8221;221&#8243; img_size=&#8221;large&#8221; alignment=&#8221;center&#8221; css=&#8221;&#8221;][\/vc_column][vc_column css_animation=&#8221;fadeInRight&#8221; width=&#8221;7\/12&#8243;][vc_column_text css=&#8221;&#8221;] Pooling Local Expertise In some regions, hospitals located close to each other can be grouped to develop clinical research activities. Several of these hospitals or healthcare centers have already participated in clinical trials in collaboration with national and international institutions. SCI is&hellip;<\/p>\n","protected":false},"author":2,"featured_media":0,"parent":0,"menu_order":0,"comment_status":"closed","ping_status":"closed","template":"","meta":{"footnotes":""},"class_list":["post-211","page","type-page","status-publish","hentry","description-off"],"yoast_head":"<!-- This site is optimized with the Yoast SEO plugin v27.2 - https:\/\/yoast.com\/product\/yoast-seo-wordpress\/ -->\n<title>Our services - Sciences Cliniques Internationales | Clinical Sciences International<\/title>\n<meta name=\"robots\" content=\"noindex, follow, max-snippet:-1, max-image-preview:large, max-video-preview:-1\" \/>\n<meta property=\"og:locale\" content=\"en_US\" \/>\n<meta property=\"og:type\" content=\"article\" \/>\n<meta property=\"og:title\" content=\"Our services - Sciences Cliniques Internationales | Clinical Sciences International\" \/>\n<meta property=\"og:description\" content=\"[vc_row gap=&#8221;35&#8243; equal_height=&#8221;yes&#8221; content_placement=&#8221;middle&#8221;][vc_column css_animation=&#8221;fadeInLeft&#8221; width=&#8221;5\/12&#8243;][vc_single_image image=&#8221;221&#8243; img_size=&#8221;large&#8221; alignment=&#8221;center&#8221; css=&#8221;&#8221;][\/vc_column][vc_column css_animation=&#8221;fadeInRight&#8221; width=&#8221;7\/12&#8243;][vc_column_text css=&#8221;&#8221;] Pooling Local Expertise In some regions, hospitals located close to each other can be grouped to develop clinical research activities. Several of these hospitals or healthcare centers have already participated in clinical trials in collaboration with national and international institutions. SCI is&hellip;\" \/>\n<meta property=\"og:url\" content=\"https:\/\/sci-csi.org\/en\/our-services\/\" \/>\n<meta property=\"og:site_name\" content=\"Sciences Cliniques Internationales | Clinical Sciences International\" \/>\n<meta property=\"article:modified_time\" content=\"2026-01-27T14:50:50+00:00\" \/>\n<meta name=\"twitter:card\" content=\"summary_large_image\" \/>\n<meta name=\"twitter:label1\" content=\"Est. reading time\" \/>\n\t<meta name=\"twitter:data1\" content=\"4 minutes\" \/>\n<script type=\"application\/ld+json\" class=\"yoast-schema-graph\">{\"@context\":\"https:\/\/schema.org\",\"@graph\":[{\"@type\":\"WebPage\",\"@id\":\"https:\/\/sci-csi.org\/en\/our-services\/\",\"url\":\"https:\/\/sci-csi.org\/en\/our-services\/\",\"name\":\"Our services - Sciences Cliniques Internationales | Clinical Sciences International\",\"isPartOf\":{\"@id\":\"https:\/\/sci-csi.org\/#website\"},\"datePublished\":\"2025-07-21T20:29:49+00:00\",\"dateModified\":\"2026-01-27T14:50:50+00:00\",\"breadcrumb\":{\"@id\":\"https:\/\/sci-csi.org\/en\/our-services\/#breadcrumb\"},\"inLanguage\":\"en-US\",\"potentialAction\":[{\"@type\":\"ReadAction\",\"target\":[\"https:\/\/sci-csi.org\/en\/our-services\/\"]}]},{\"@type\":\"BreadcrumbList\",\"@id\":\"https:\/\/sci-csi.org\/en\/our-services\/#breadcrumb\",\"itemListElement\":[{\"@type\":\"ListItem\",\"position\":1,\"name\":\"Home\",\"item\":\"https:\/\/sci-csi.org\/en\/\"},{\"@type\":\"ListItem\",\"position\":2,\"name\":\"Our services\"}]},{\"@type\":\"WebSite\",\"@id\":\"https:\/\/sci-csi.org\/#website\",\"url\":\"https:\/\/sci-csi.org\/\",\"name\":\"Sciences Cliniques Internationales | Clinical Sciences International\",\"description\":\"\",\"potentialAction\":[{\"@type\":\"SearchAction\",\"target\":{\"@type\":\"EntryPoint\",\"urlTemplate\":\"https:\/\/sci-csi.org\/?s={search_term_string}\"},\"query-input\":{\"@type\":\"PropertyValueSpecification\",\"valueRequired\":true,\"valueName\":\"search_term_string\"}}],\"inLanguage\":\"en-US\"}]}<\/script>\n<!-- \/ Yoast SEO plugin. -->","yoast_head_json":{"title":"Our services - Sciences Cliniques Internationales | Clinical Sciences International","robots":{"index":"noindex","follow":"follow","max-snippet":"max-snippet:-1","max-image-preview":"max-image-preview:large","max-video-preview":"max-video-preview:-1"},"og_locale":"en_US","og_type":"article","og_title":"Our services - Sciences Cliniques Internationales | Clinical Sciences International","og_description":"[vc_row gap=&#8221;35&#8243; equal_height=&#8221;yes&#8221; content_placement=&#8221;middle&#8221;][vc_column css_animation=&#8221;fadeInLeft&#8221; width=&#8221;5\/12&#8243;][vc_single_image image=&#8221;221&#8243; img_size=&#8221;large&#8221; alignment=&#8221;center&#8221; css=&#8221;&#8221;][\/vc_column][vc_column css_animation=&#8221;fadeInRight&#8221; width=&#8221;7\/12&#8243;][vc_column_text css=&#8221;&#8221;] Pooling Local Expertise In some regions, hospitals located close to each other can be grouped to develop clinical research activities. Several of these hospitals or healthcare centers have already participated in clinical trials in collaboration with national and international institutions. SCI is&hellip;","og_url":"https:\/\/sci-csi.org\/en\/our-services\/","og_site_name":"Sciences Cliniques Internationales | Clinical Sciences International","article_modified_time":"2026-01-27T14:50:50+00:00","twitter_card":"summary_large_image","twitter_misc":{"Est. reading time":"4 minutes"},"schema":{"@context":"https:\/\/schema.org","@graph":[{"@type":"WebPage","@id":"https:\/\/sci-csi.org\/en\/our-services\/","url":"https:\/\/sci-csi.org\/en\/our-services\/","name":"Our services - Sciences Cliniques Internationales | Clinical Sciences International","isPartOf":{"@id":"https:\/\/sci-csi.org\/#website"},"datePublished":"2025-07-21T20:29:49+00:00","dateModified":"2026-01-27T14:50:50+00:00","breadcrumb":{"@id":"https:\/\/sci-csi.org\/en\/our-services\/#breadcrumb"},"inLanguage":"en-US","potentialAction":[{"@type":"ReadAction","target":["https:\/\/sci-csi.org\/en\/our-services\/"]}]},{"@type":"BreadcrumbList","@id":"https:\/\/sci-csi.org\/en\/our-services\/#breadcrumb","itemListElement":[{"@type":"ListItem","position":1,"name":"Home","item":"https:\/\/sci-csi.org\/en\/"},{"@type":"ListItem","position":2,"name":"Our services"}]},{"@type":"WebSite","@id":"https:\/\/sci-csi.org\/#website","url":"https:\/\/sci-csi.org\/","name":"Sciences Cliniques Internationales | Clinical Sciences International","description":"","potentialAction":[{"@type":"SearchAction","target":{"@type":"EntryPoint","urlTemplate":"https:\/\/sci-csi.org\/?s={search_term_string}"},"query-input":{"@type":"PropertyValueSpecification","valueRequired":true,"valueName":"search_term_string"}}],"inLanguage":"en-US"}]}},"_links":{"self":[{"href":"https:\/\/sci-csi.org\/en\/wp-json\/wp\/v2\/pages\/211","targetHints":{"allow":["GET"]}}],"collection":[{"href":"https:\/\/sci-csi.org\/en\/wp-json\/wp\/v2\/pages"}],"about":[{"href":"https:\/\/sci-csi.org\/en\/wp-json\/wp\/v2\/types\/page"}],"author":[{"embeddable":true,"href":"https:\/\/sci-csi.org\/en\/wp-json\/wp\/v2\/users\/2"}],"replies":[{"embeddable":true,"href":"https:\/\/sci-csi.org\/en\/wp-json\/wp\/v2\/comments?post=211"}],"version-history":[{"count":0,"href":"https:\/\/sci-csi.org\/en\/wp-json\/wp\/v2\/pages\/211\/revisions"}],"wp:attachment":[{"href":"https:\/\/sci-csi.org\/en\/wp-json\/wp\/v2\/media?parent=211"}],"curies":[{"name":"wp","href":"https:\/\/api.w.org\/{rel}","templated":true}]}}