{"id":196,"date":"2025-07-21T20:33:55","date_gmt":"2025-07-21T20:33:55","guid":{"rendered":"https:\/\/sci-csi.org\/?page_id=196"},"modified":"2026-01-27T14:43:59","modified_gmt":"2026-01-27T14:43:59","slug":"our-activities","status":"publish","type":"page","link":"https:\/\/sci-csi.org\/en\/our-activities\/","title":{"rendered":"Our Activities"},"content":{"rendered":"<div class=\"wpb-content-wrapper\"><p>[vc_row gap=&#8221;35&#8243; equal_height=&#8221;yes&#8221; content_placement=&#8221;middle&#8221;][vc_column width=&#8221;5\/12&#8243;][vc_single_image image=&#8221;201&#8243; img_size=&#8221;full&#8221; alignment=&#8221;center&#8221; css=&#8221;&#8221;][\/vc_column][vc_column width=&#8221;7\/12&#8243;][vc_column_text css=&#8221;&#8221;]<\/p>\n<ul>\n<li>Development of workshops on research and clinical trials<\/li>\n<li>Provision of information related to clinical trials published in open-access scientific journals<\/li>\n<li>We adhere to the principles of open science<\/li>\n<\/ul>\n<p>[\/vc_column_text][\/vc_column][\/vc_row][vc_row][vc_column][vc_separator el_width=&#8221;80&#8243; css_animation=&#8221;fadeInUp&#8221; css=&#8221;.vc_custom_1753317529906{margin-top: 70px !important;margin-bottom: 70px !important;}&#8221;][\/vc_column][\/vc_row][vc_row gap=&#8221;35&#8243; equal_height=&#8221;yes&#8221; content_placement=&#8221;middle&#8221;][vc_column][vc_column_text css=&#8221;&#8221;]<\/p>\n<h2 style=\"text-align: center;\">Development of special training programs in clinical trials<\/h2>\n<p>[\/vc_column_text][\/vc_column][vc_column width=&#8221;5\/12&#8243;][vc_single_image image=&#8221;197&#8243; img_size=&#8221;large&#8221; alignment=&#8221;center&#8221; css=&#8221;&#8221;][\/vc_column][vc_column width=&#8221;7\/12&#8243;][vc_column_text css=&#8221;&#8221;]<\/p>\n<h3 style=\"text-align: center;\">La salle de classe<\/h3>\n<p>[\/vc_column_text][vc_column_text css=&#8221;&#8221;]<\/p>\n<p style=\"text-align: center;\">Inscrivez vous \u00e0 ce groupe pour sugg\u00e9rer les sujets de formations ou ateliers auxquels vous aimeriez participer<\/p>\n<p style=\"text-align: center;\">Groupe de formation et d\u2019organisation d\u2019ateliers<\/p>\n<p>[\/vc_column_text][vc_column_text css=&#8221;.vc_custom_1756086234114{border-top-width: 1px !important;border-right-width: 1px !important;border-bottom-width: 1px !important;border-left-width: 1px !important;padding-top: 20px !important;padding-right: 20px !important;padding-bottom: 20px !important;padding-left: 20px !important;border-left-style: dashed !important;border-right-style: dashed !important;border-top-style: dashed !important;border-bottom-style: dashed !important;border-color: #1E73BE !important;}&#8221;]<\/p>\n<p style=\"text-align: center;\"><strong>Horaires des ateliers virtuels<\/strong><\/p>\n<p style=\"text-align: center;\"><strong>(\u00e0 venir)<\/strong><\/p>\n<p>[\/vc_column_text][vc_column_text css=&#8221;&#8221;]<\/p>\n<p style=\"text-align: center;\">Ecrivez-nous \u00e0 <a href=\"mailto:info@sci-csi.org\">info@sci-csi.org<\/a>\u00a0 en inscrivant dans objet\/subject: Atelier sur la recherche clinique<\/p>\n<p>[\/vc_column_text][\/vc_column][\/vc_row][vc_row][vc_column][vc_separator el_width=&#8221;80&#8243; css_animation=&#8221;fadeInUp&#8221; css=&#8221;.vc_custom_1753317529906{margin-top: 70px !important;margin-bottom: 70px !important;}&#8221;][\/vc_column][\/vc_row][vc_row gap=&#8221;35&#8243; equal_height=&#8221;yes&#8221; content_placement=&#8221;middle&#8221;][vc_column][vc_column_text css=&#8221;&#8221;]<\/p>\n<h2 style=\"text-align: center;\">Examples of clinical projects<\/h2>\n<p>[\/vc_column_text][\/vc_column][vc_column width=&#8221;5\/12&#8243;][vc_single_image image=&#8221;198&#8243; img_size=&#8221;large&#8221; alignment=&#8221;center&#8221; css=&#8221;&#8221;][\/vc_column][vc_column width=&#8221;7\/12&#8243;][vc_column_text css=&#8221;&#8221;]<\/p>\n<h3 style=\"text-align: center;\"><span style=\"color: #0070c0;\">Participate in the clinical trial project on Bryophyllum pinnatum for kidney stones<\/span><\/h3>\n<h3 style=\"text-align: center;\"><span style=\"color: #0070c0;\">An interdisciplinary model of a clinical translation project in traditional medicine<\/span><\/h3>\n<p>[\/vc_column_text][vc_column_text css=&#8221;.vc_custom_1769524138733{border-top-width: 1px !important;border-right-width: 1px !important;border-bottom-width: 1px !important;border-left-width: 1px !important;padding-top: 20px !important;padding-right: 20px !important;padding-bottom: 20px !important;padding-left: 20px !important;border-left-style: dashed !important;border-right-style: dashed !important;border-top-style: dashed !important;border-bottom-style: dashed !important;border-color: #1E73BE !important;}&#8221;]<a href=\"https:\/\/pmc.ncbi.nlm.nih.gov\/articles\/PMC11121557\/\" target=\"_blank\" rel=\"noopener\">See publications: https:\/\/pmc.ncbi.nlm.nih.gov\/articles\/PMC11121557\/<\/a><\/p>\n<p><a href=\"https:\/\/clinicaltrials.gov\/study\/NCT06987084?cond=bryophyllum%20pinnatum&amp;rank=1\" target=\"_blank\" rel=\"noopener\">See protocol: https:\/\/clinicaltrials.gov\/study\/NCT06987084?cond=bryophyllum%20pinnatum&amp;rank=1<\/a>[\/vc_column_text][\/vc_column][\/vc_row][vc_row][vc_column][vc_column_text css=&#8221;&#8221;]<\/p>\n<h2 style=\"text-align: center;\"><span style=\"color: #215f9a;\">The Myrciaria dubia (Camu-Camu) project<\/span><\/h2>\n<p>[\/vc_column_text][\/vc_column][vc_column width=&#8221;1\/3&#8243;][vc_single_image image=&#8221;200&#8243; img_size=&#8221;large&#8221; alignment=&#8221;center&#8221; css=&#8221;&#8221;][\/vc_column][vc_column width=&#8221;1\/3&#8243;][vc_column_text css=&#8221;.vc_custom_1769524204686{padding-top: 20px !important;padding-right: 20px !important;padding-bottom: 20px !important;padding-left: 20px !important;background-color: #156082 !important;border-radius: 20px !important;}&#8221;]<\/p>\n<p style=\"text-align: center;\"><span style=\"color: #ffffff;\">Camu-camu (Myrciaria dubia) is a small tree or shrub native to the Amazon rainforest, found mainly in Peru, Brazil, and Colombia.<\/span><\/p>\n<p>[\/vc_column_text][vc_column_text css=&#8221;.vc_custom_1769524215552{padding-top: 20px !important;padding-right: 20px !important;padding-bottom: 20px !important;padding-left: 20px !important;background-color: #156082 !important;border-radius: 20px !important;}&#8221;]<\/p>\n<p style=\"text-align: center;\"><span style=\"color: #ffffff;\">A clinical study led by Dr. Jean-Pierre Routy aimed to determine whether taking capsules containing Camu Camu (CamuC\u2122) as a supplement to antiretroviral therapy (ART) can reduce inflammation and immune activation.<br \/>\n<\/span><\/p>\n<p>[\/vc_column_text][vc_column_text css=&#8221;.vc_custom_1769524226437{padding-top: 20px !important;padding-right: 20px !important;padding-bottom: 20px !important;padding-left: 20px !important;background-color: #156082 !important;border-radius: 20px !important;}&#8221;]<\/p>\n<p style=\"text-align: center;\"><span style=\"color: #ffffff;\">Protocol: Camu Camu effects on microbial translocation and systemic immune activation in ART-treated people living with HIV: protocol of the single-arm non-randomised Camu Camu prebiotic pilot study (CIHR\/CTN PT032)<br \/>\n<\/span><\/p>\n<p>[\/vc_column_text][\/vc_column][vc_column width=&#8221;1\/3&#8243;][vc_single_image image=&#8221;199&#8243; img_size=&#8221;large&#8221; alignment=&#8221;center&#8221; css=&#8221;&#8221;][vc_column_text css=&#8221;&#8221;]<\/p>\n<h2 style=\"text-align: center;\">Dr. Jean-Pierre Routy<\/h2>\n<p>[\/vc_column_text][\/vc_column][\/vc_row][vc_row][vc_column][vc_separator el_width=&#8221;80&#8243; css_animation=&#8221;fadeInUp&#8221; css=&#8221;.vc_custom_1753317529906{margin-top: 70px !important;margin-bottom: 70px !important;}&#8221;][\/vc_column][\/vc_row][vc_row gap=&#8221;35&#8243; equal_height=&#8221;yes&#8221; content_placement=&#8221;middle&#8221;][vc_column width=&#8221;1\/2&#8243;][vc_single_image image=&#8221;203&#8243; img_size=&#8221;large&#8221; alignment=&#8221;center&#8221; css=&#8221;&#8221;][\/vc_column][vc_column width=&#8221;1\/2&#8243;][vc_column_text css=&#8221;&#8221;]Project location: Italy<\/p>\n<p><a href=\"https:\/\/www.lacittadelladipadrepio.it\/en\/the-cittadella\/\">The Padre Pio Cittadella: the project<\/a><\/p>\n<p>The Cittadella is a large-scale project aimed at developing the therapeutic potential of plants growing within the perimeter of Padre Pio\u2019s extensive garden.<br \/>\nPart of this major initiative is dedicated to the construction of a scientific laboratory to study medicinal plants and to serve as a leading reference center for the medical and scientific training of professionals working in the healthcare field.[\/vc_column_text][\/vc_column][\/vc_row][vc_row][vc_column][vc_separator el_width=&#8221;80&#8243; css_animation=&#8221;fadeInUp&#8221; css=&#8221;.vc_custom_1753317529906{margin-top: 70px !important;margin-bottom: 70px !important;}&#8221;][\/vc_column][\/vc_row][vc_row full_width=&#8221;stretch_row&#8221; gap=&#8221;35&#8243; equal_height=&#8221;yes&#8221; content_placement=&#8221;middle&#8221; css=&#8221;.vc_custom_1759279357859{background-position: center !important;background-repeat: no-repeat !important;background-size: cover !important;}&#8221;][vc_column width=&#8221;1\/2&#8243;][vc_column_text css=&#8221;&#8221;]<\/p>\n<p style=\"font-size: 20px;\">Participez \u00e0 nos groupes de discussion sur les essais cliniques en cosm\u00e9tique<\/p>\n<p style=\"font-size: 20px;\">Ecrivez-nous \u00e0 <a href=\"mailto:info@sci-csi.org\">info@sci-csi.org<\/a> en inscrivant dans objet\/subject: Essais cliniques cosm\u00e9tiques<\/p>\n<p>[\/vc_column_text][\/vc_column][vc_column width=&#8221;1\/2&#8243;][vc_single_image image=&#8221;205&#8243; img_size=&#8221;large&#8221; alignment=&#8221;center&#8221; css=&#8221;&#8221;][\/vc_column][\/vc_row][vc_row][vc_column][vc_separator el_width=&#8221;80&#8243; css_animation=&#8221;fadeInUp&#8221; css=&#8221;.vc_custom_1753317529906{margin-top: 70px !important;margin-bottom: 70px !important;}&#8221;][\/vc_column][\/vc_row][vc_row full_width=&#8221;stretch_row&#8221; gap=&#8221;35&#8243; equal_height=&#8221;yes&#8221; content_placement=&#8221;middle&#8221; css=&#8221;.vc_custom_1759279357859{background-position: center !important;background-repeat: no-repeat !important;background-size: cover !important;}&#8221;][vc_column][vc_single_image image=&#8221;206&#8243; img_size=&#8221;large&#8221; alignment=&#8221;center&#8221; css=&#8221;&#8221;][vc_column_text css=&#8221;&#8221;]<\/p>\n<p style=\"text-align: center; font-size: 20px;\"><span style=\"color: #1565c0;\">Participez \u00e0 nos groupes de discussion des opportunit\u00e9s de transition pr\u00e9clinique-clinique pour les maladies rares ou mal soign\u00e9es dans les pays d\u00e9favoris\u00e9s, au-del\u00e0 des fronti\u00e8res<\/span><\/p>\n<p>[\/vc_column_text]<div class=\"ult_exp_section_layer ult-adjust-bottom-margin  \" >\n\t\t<div id=\"uvc-exp-wrap-1161\" role=\"button\" tabindex=\"0\" aria-pressed=\"false\"  data-ultimate-target='#uvc-exp-wrap-1161'  data-responsive-json-new='{\"font-size\":\"desktop:20px;\",\"line-height\":\"desktop:20px;\"}'  class=\"ult_exp_section  ult-responsive \" style=\"color:#333333;background-color:#dbdbdb; font-weight:normal;  text-align:center;\" data-textcolor=\"#333333\"data-texthover=\"#333333\"data-icncolor=\"#333333\"data-ihover=\"#333333\"data-height=\"0\"data-cntbg=\"#dbdbdb\"data-cnthvrbg=\"#e5e5e5\"data-headerbg=\"#dbdbdb\"data-headerhover=\"#e5e5e5\"data-title=\"En savoir plus\"data-newtitle=\"Moins\"data-icon=\"\"data-newicon=\"\"data-activeicon=\"#333333\"data-effect=\"slideToggle\"data-override=\"0\"data-activetitle=\"#333333\"data-activebg=\"#dbdbdb\"data-img=\"\"data-newimg=\"\"><div  class=\"ult_exp_section-main \">\n\t\t\t\t\t<div class=\"ult_expheader\" >En savoir plus\n\t\t\t\t\t <\/div><\/div>\n\t\t\t\t<\/div><div class=\"ult_exp_content \" style=\"background-color:#dbdbdb;  \"><div class=\"ult_ecpsub_cont\" style=\" \" >[vc_column_text css=&#8221;&#8221;]<\/p>\n<div class=\"elementToProof\"><b>Ces groupes vous permettent de participer \u00e0 des activit\u00e9s suivantes :<\/b><\/div>\n<ul>\n<li>\u00c9changer avec des chercheurs, cliniciens, d\u00e9cideurs et repr\u00e9sentants d\u2019organismes de r\u00e9glementation ;<\/li>\n<li>D\u00e9couvrir des mod\u00e8les innovants pour valider et standardiser les th\u00e9rapies traditionnelles\u00a0;<\/li>\n<li>Identifier des partenaires pour la mise en place d\u2019essais cliniques ;<\/li>\n<li>Discuter des r\u00e9glementations encadrant la transition vers l\u2019humain \u00e0 partir de mod\u00e8les de maladie simul\u00e9e chez les animaux de laboratoire\u00a0;<\/li>\n<li>Contribuer activement au d\u00e9veloppement de solutions de sant\u00e9 globales.<\/li>\n<\/ul>\n<p>[\/vc_column_text]<\/div><\/div>\n\n\t\t\t<\/div>[vc_btn title=&#8221;Je m&#8217;inscris&#8221; color=&#8221;primary&#8221; align=&#8221;right&#8221; css=&#8221;&#8221; link=&#8221;url:https%3A%2F%2Fsci-csi.org%2Fnous-joindre%2F&#8221;][\/vc_column][\/vc_row][vc_row full_width=&#8221;stretch_row&#8221; gap=&#8221;35&#8243; equal_height=&#8221;yes&#8221; content_placement=&#8221;middle&#8221; css=&#8221;.vc_custom_1759279357859{background-position: center !important;background-repeat: no-repeat !important;background-size: cover !important;}&#8221;][vc_column width=&#8221;1\/2&#8243;][vc_single_image image=&#8221;207&#8243; img_size=&#8221;large&#8221; alignment=&#8221;center&#8221; css=&#8221;&#8221;][\/vc_column][vc_column width=&#8221;1\/2&#8243;][vc_column_text css=&#8221;&#8221;]<\/p>\n<p style=\"font-size: 20px;\">Essais cliniques en produits bucco-dentaires<\/p>\n<p style=\"font-size: 20px;\">Joignez-vous \u00e0 notre groupe discussion<\/p>\n<div class=\"elementToProof\">Ecrivez-nous \u00e0 \u00a0 <u><a id=\"OWA78983f05-dd8f-1157-f806-31e934461d95\" class=\"OWAAutoLink\" href=\"mailto:info@sci-csi.org\">info@sci-csi.org<\/a>\u00a0<\/u>en inscrivant dans objet\/subject: Essais cliniques bucco-dentaires<\/div>\n<div class=\"elementToProof\"><\/div>\n<p>[\/vc_column_text][\/vc_column][\/vc_row][vc_row][vc_column][vc_separator el_width=&#8221;80&#8243; css_animation=&#8221;fadeInUp&#8221; css=&#8221;.vc_custom_1753317529906{margin-top: 70px !important;margin-bottom: 70px !important;}&#8221;][\/vc_column][\/vc_row][vc_row gap=&#8221;35&#8243; equal_height=&#8221;yes&#8221; content_placement=&#8221;middle&#8221;][vc_column][vc_column_text css=&#8221;&#8221;]<\/p>\n<h2 style=\"text-align: center;\">Translational objective of clinical trials<\/h2>\n<p>[\/vc_column_text][\/vc_column][vc_column width=&#8221;1\/2&#8243;][vc_single_image image=&#8221;202&#8243; img_size=&#8221;large&#8221; alignment=&#8221;center&#8221; css=&#8221;&#8221;][\/vc_column][vc_column width=&#8221;1\/2&#8243;][vc_column_text css=&#8221;&#8221;]The ultimate goal of most clinical trials is to obtain approval of the tested treatment from the competent authorities. Regulatory approval allows the use of the treatment to be integrated into clinical practice.<\/p>\n<p>This treatment can be administered as pills, injectables, compounded formulations, etc.<\/p>\n<p><a href=\"https:\/\/vitamall.ca\/fr\/blogs\/news\/tablets-vs-capsules-vs-softgels-vs-caplets-which-is-best\" target=\"_blank\" rel=\"noopener\">https:\/\/vitamall.ca\/fr\/blogs\/news\/tablets-vs-capsules-vs-softgels-vs-caplets-which-is-best<\/a><\/p>\n<p>In France, the Agence Nationale de S\u00e9curit\u00e9 du M\u00e9dicament et des Produits de Sant\u00e9 (ANSM) is one of the highest authorities responsible for drug safety.<\/p>\n<p><a href=\"https:\/\/ansm.sante.fr\/qui-sommes-nous\/notre-perimetre\/les-medicaments\/p\/medicaments-a-base-de-plantes-et-huiles-essentielles\" target=\"_blank\" rel=\"noopener\">https:\/\/ansm.sante.fr\/qui-sommes-nous\/notre-perimetre\/les-medicaments\/p\/medicaments-a-base-de-plantes-et-huiles-essentielles<\/a><\/p>\n<p>If you have experience in preparing therapy approval applications with any regulatory authority, we need your guidance. Join us by writing to <a href=\"mailto:info@sci-csi.org\">info@sci-csi.org<\/a>.[\/vc_column_text][vc_column_text css=&#8221;&#8221;]Ce traitement peut se faire \u00e0 partir de pilules, d\u2019injectables, de magistrales etc.<\/p>\n<p><a href=\"https:\/\/vitamall.ca\/fr\/blogs\/news\/tablets-vs-capsules-vs-softgels-vs-caplets-which-is-best\" target=\"_blank\" rel=\"noopener\">https:\/\/vitamall.ca\/fr\/blogs\/news\/tablets-vs-capsules-vs-softgels-vs-caplets-which-is-best<\/a><\/p>\n<p>En France, l\u2019Agence Nationale pour la S\u00e9curit\u00e9 des M\u00e9dicamentss (ANSEM) est l\u2019une des plus hautes instances responsables de la s\u00e9curit\u00e9 des m\u00e9dicaments<\/p>\n<p><a href=\"https:\/\/ansm.sante.fr\/qui-sommes-nous\/notre-perimetre\/les-medicaments\/p\/medicaments-a-base-de-plantes-et-huiles-essentielles\" target=\"_blank\" rel=\"noopener\">https:\/\/ansm.sante.fr\/qui-sommes-nous\/notre-perimetre\/les-medicaments\/p\/medicaments-a-base-de-plantes-et-huiles-essentielles<\/a><\/p>\n<p>[\/vc_column_text][\/vc_column][vc_column][vc_column_text css=&#8221;&#8221;]<\/p>\n<p style=\"text-align: center;\">If you have experience in preparing therapy approval applications with any regulatory authority, we need your guidance. Join us by writing to <a href=\"mailto:info@sci-csi.org\">info@sci-csi.org<\/a>.<\/p>\n<p>[\/vc_column_text][\/vc_column][\/vc_row][vc_row][vc_column][vc_separator el_width=&#8221;80&#8243; css_animation=&#8221;fadeInUp&#8221; css=&#8221;.vc_custom_1753317529906{margin-top: 70px !important;margin-bottom: 70px !important;}&#8221;][\/vc_column][\/vc_row][vc_row gap=&#8221;35&#8243; equal_height=&#8221;yes&#8221; content_placement=&#8221;middle&#8221;][vc_column][vc_column_text css=&#8221;&#8221;]<\/p>\n<h2 style=\"text-align: center;\">Joignez-vous \u00e0 nos projets de comit\u00e9s d\u2019\u00e9thiques<\/h2>\n<p>[\/vc_column_text][vc_column_text css=&#8221;&#8221;]<\/p>\n<p style=\"text-align: center;\">The role of a Research Ethics Committee (REC) or an Independent Ethics Committee (IEC) is to ensure the rights, safety, and well-being of all participants in clinical trials. Special attention must be given to clinical trials that recruit vulnerable participants.<\/p>\n<div class=\"elementToProof\" style=\"text-align: center;\">Write to us at <a href=\"mailto:info@sci-csi.org\">info@sci-csi.org<\/a>, putting in the subject line: Working Group or Ethics Committee, or Working Group and Ethics Committee to join the SCI-Clinical Trials Without Borders team.<\/div>\n<p>[\/vc_column_text][\/vc_column][\/vc_row]<\/p>\n<\/div>","protected":false},"excerpt":{"rendered":"<p>[vc_row gap=&#8221;35&#8243; equal_height=&#8221;yes&#8221; content_placement=&#8221;middle&#8221;][vc_column width=&#8221;5\/12&#8243;][vc_single_image image=&#8221;201&#8243; img_size=&#8221;full&#8221; alignment=&#8221;center&#8221; css=&#8221;&#8221;][\/vc_column][vc_column width=&#8221;7\/12&#8243;][vc_column_text css=&#8221;&#8221;] Development of workshops on research and clinical trials Provision of information related to clinical trials published in open-access scientific journals We adhere to the principles of open science [\/vc_column_text][\/vc_column][\/vc_row][vc_row][vc_column][vc_separator el_width=&#8221;80&#8243; css_animation=&#8221;fadeInUp&#8221; css=&#8221;.vc_custom_1753317529906{margin-top: 70px !important;margin-bottom: 70px !important;}&#8221;][\/vc_column][\/vc_row][vc_row gap=&#8221;35&#8243; equal_height=&#8221;yes&#8221; content_placement=&#8221;middle&#8221;][vc_column][vc_column_text css=&#8221;&#8221;] Development of special training&hellip;<\/p>\n","protected":false},"author":2,"featured_media":0,"parent":0,"menu_order":0,"comment_status":"closed","ping_status":"closed","template":"","meta":{"footnotes":""},"class_list":["post-196","page","type-page","status-publish","hentry","description-off"],"yoast_head":"<!-- This site is optimized with the Yoast SEO plugin v27.2 - https:\/\/yoast.com\/product\/yoast-seo-wordpress\/ -->\n<title>Our Activities - Sciences Cliniques Internationales | Clinical Sciences International<\/title>\n<meta name=\"robots\" content=\"noindex, follow, max-snippet:-1, max-image-preview:large, max-video-preview:-1\" \/>\n<meta property=\"og:locale\" content=\"en_US\" \/>\n<meta property=\"og:type\" content=\"article\" \/>\n<meta property=\"og:title\" content=\"Our Activities - Sciences Cliniques Internationales | Clinical Sciences International\" \/>\n<meta property=\"og:description\" content=\"[vc_row gap=&#8221;35&#8243; equal_height=&#8221;yes&#8221; content_placement=&#8221;middle&#8221;][vc_column width=&#8221;5\/12&#8243;][vc_single_image image=&#8221;201&#8243; img_size=&#8221;full&#8221; alignment=&#8221;center&#8221; css=&#8221;&#8221;][\/vc_column][vc_column width=&#8221;7\/12&#8243;][vc_column_text css=&#8221;&#8221;] Development of workshops on research and clinical trials Provision of information related to clinical trials published in open-access scientific journals We adhere to the principles of open science [\/vc_column_text][\/vc_column][\/vc_row][vc_row][vc_column][vc_separator el_width=&#8221;80&#8243; css_animation=&#8221;fadeInUp&#8221; css=&#8221;.vc_custom_1753317529906{margin-top: 70px !important;margin-bottom: 70px !important;}&#8221;][\/vc_column][\/vc_row][vc_row gap=&#8221;35&#8243; equal_height=&#8221;yes&#8221; content_placement=&#8221;middle&#8221;][vc_column][vc_column_text css=&#8221;&#8221;] Development of special training&hellip;\" \/>\n<meta property=\"og:url\" content=\"https:\/\/sci-csi.org\/en\/our-activities\/\" \/>\n<meta property=\"og:site_name\" content=\"Sciences Cliniques Internationales | Clinical Sciences International\" \/>\n<meta property=\"article:modified_time\" content=\"2026-01-27T14:43:59+00:00\" \/>\n<meta name=\"twitter:card\" content=\"summary_large_image\" \/>\n<meta name=\"twitter:label1\" content=\"Est. reading time\" \/>\n\t<meta name=\"twitter:data1\" content=\"5 minutes\" \/>\n<script type=\"application\/ld+json\" class=\"yoast-schema-graph\">{\"@context\":\"https:\/\/schema.org\",\"@graph\":[{\"@type\":\"WebPage\",\"@id\":\"https:\/\/sci-csi.org\/en\/our-activities\/\",\"url\":\"https:\/\/sci-csi.org\/en\/our-activities\/\",\"name\":\"Our Activities - Sciences Cliniques Internationales | Clinical Sciences International\",\"isPartOf\":{\"@id\":\"https:\/\/sci-csi.org\/#website\"},\"datePublished\":\"2025-07-21T20:33:55+00:00\",\"dateModified\":\"2026-01-27T14:43:59+00:00\",\"breadcrumb\":{\"@id\":\"https:\/\/sci-csi.org\/en\/our-activities\/#breadcrumb\"},\"inLanguage\":\"en-US\",\"potentialAction\":[{\"@type\":\"ReadAction\",\"target\":[\"https:\/\/sci-csi.org\/en\/our-activities\/\"]}]},{\"@type\":\"BreadcrumbList\",\"@id\":\"https:\/\/sci-csi.org\/en\/our-activities\/#breadcrumb\",\"itemListElement\":[{\"@type\":\"ListItem\",\"position\":1,\"name\":\"Home\",\"item\":\"https:\/\/sci-csi.org\/en\/\"},{\"@type\":\"ListItem\",\"position\":2,\"name\":\"Our Activities\"}]},{\"@type\":\"WebSite\",\"@id\":\"https:\/\/sci-csi.org\/#website\",\"url\":\"https:\/\/sci-csi.org\/\",\"name\":\"Sciences Cliniques Internationales | Clinical Sciences International\",\"description\":\"\",\"potentialAction\":[{\"@type\":\"SearchAction\",\"target\":{\"@type\":\"EntryPoint\",\"urlTemplate\":\"https:\/\/sci-csi.org\/?s={search_term_string}\"},\"query-input\":{\"@type\":\"PropertyValueSpecification\",\"valueRequired\":true,\"valueName\":\"search_term_string\"}}],\"inLanguage\":\"en-US\"}]}<\/script>\n<!-- \/ Yoast SEO plugin. -->","yoast_head_json":{"title":"Our Activities - Sciences Cliniques Internationales | Clinical Sciences International","robots":{"index":"noindex","follow":"follow","max-snippet":"max-snippet:-1","max-image-preview":"max-image-preview:large","max-video-preview":"max-video-preview:-1"},"og_locale":"en_US","og_type":"article","og_title":"Our Activities - Sciences Cliniques Internationales | Clinical Sciences International","og_description":"[vc_row gap=&#8221;35&#8243; equal_height=&#8221;yes&#8221; content_placement=&#8221;middle&#8221;][vc_column width=&#8221;5\/12&#8243;][vc_single_image image=&#8221;201&#8243; img_size=&#8221;full&#8221; alignment=&#8221;center&#8221; css=&#8221;&#8221;][\/vc_column][vc_column width=&#8221;7\/12&#8243;][vc_column_text css=&#8221;&#8221;] Development of workshops on research and clinical trials Provision of information related to clinical trials published in open-access scientific journals We adhere to the principles of open science [\/vc_column_text][\/vc_column][\/vc_row][vc_row][vc_column][vc_separator el_width=&#8221;80&#8243; css_animation=&#8221;fadeInUp&#8221; css=&#8221;.vc_custom_1753317529906{margin-top: 70px !important;margin-bottom: 70px !important;}&#8221;][\/vc_column][\/vc_row][vc_row gap=&#8221;35&#8243; equal_height=&#8221;yes&#8221; content_placement=&#8221;middle&#8221;][vc_column][vc_column_text css=&#8221;&#8221;] Development of special training&hellip;","og_url":"https:\/\/sci-csi.org\/en\/our-activities\/","og_site_name":"Sciences Cliniques Internationales | Clinical Sciences International","article_modified_time":"2026-01-27T14:43:59+00:00","twitter_card":"summary_large_image","twitter_misc":{"Est. reading time":"5 minutes"},"schema":{"@context":"https:\/\/schema.org","@graph":[{"@type":"WebPage","@id":"https:\/\/sci-csi.org\/en\/our-activities\/","url":"https:\/\/sci-csi.org\/en\/our-activities\/","name":"Our Activities - Sciences Cliniques Internationales | Clinical Sciences International","isPartOf":{"@id":"https:\/\/sci-csi.org\/#website"},"datePublished":"2025-07-21T20:33:55+00:00","dateModified":"2026-01-27T14:43:59+00:00","breadcrumb":{"@id":"https:\/\/sci-csi.org\/en\/our-activities\/#breadcrumb"},"inLanguage":"en-US","potentialAction":[{"@type":"ReadAction","target":["https:\/\/sci-csi.org\/en\/our-activities\/"]}]},{"@type":"BreadcrumbList","@id":"https:\/\/sci-csi.org\/en\/our-activities\/#breadcrumb","itemListElement":[{"@type":"ListItem","position":1,"name":"Home","item":"https:\/\/sci-csi.org\/en\/"},{"@type":"ListItem","position":2,"name":"Our Activities"}]},{"@type":"WebSite","@id":"https:\/\/sci-csi.org\/#website","url":"https:\/\/sci-csi.org\/","name":"Sciences Cliniques Internationales | Clinical Sciences International","description":"","potentialAction":[{"@type":"SearchAction","target":{"@type":"EntryPoint","urlTemplate":"https:\/\/sci-csi.org\/?s={search_term_string}"},"query-input":{"@type":"PropertyValueSpecification","valueRequired":true,"valueName":"search_term_string"}}],"inLanguage":"en-US"}]}},"_links":{"self":[{"href":"https:\/\/sci-csi.org\/en\/wp-json\/wp\/v2\/pages\/196","targetHints":{"allow":["GET"]}}],"collection":[{"href":"https:\/\/sci-csi.org\/en\/wp-json\/wp\/v2\/pages"}],"about":[{"href":"https:\/\/sci-csi.org\/en\/wp-json\/wp\/v2\/types\/page"}],"author":[{"embeddable":true,"href":"https:\/\/sci-csi.org\/en\/wp-json\/wp\/v2\/users\/2"}],"replies":[{"embeddable":true,"href":"https:\/\/sci-csi.org\/en\/wp-json\/wp\/v2\/comments?post=196"}],"version-history":[{"count":0,"href":"https:\/\/sci-csi.org\/en\/wp-json\/wp\/v2\/pages\/196\/revisions"}],"wp:attachment":[{"href":"https:\/\/sci-csi.org\/en\/wp-json\/wp\/v2\/media?parent=196"}],"curies":[{"name":"wp","href":"https:\/\/api.w.org\/{rel}","templated":true}]}}