{"id":194,"date":"2025-07-21T20:28:03","date_gmt":"2025-07-21T20:28:03","guid":{"rendered":"https:\/\/sci-csi.org\/?page_id=194"},"modified":"2026-01-27T14:20:41","modified_gmt":"2026-01-27T14:20:41","slug":"home-2","status":"publish","type":"page","link":"https:\/\/sci-csi.org\/en\/","title":{"rendered":"Home"},"content":{"rendered":"<div class=\"wpb-content-wrapper\"><p>[vc_row css=&#8221;.vc_custom_1753316905900{margin-bottom: 70px !important;}&#8221;][vc_column]\n\t\t\t\t<p class=\"rs-p-wp-fix\"><\/p>\n\t\t\t\t<sr7-module data-alias=\"slider-1\" data-id=\"1\" id=\"SR7_1_1\" class=\"rs-ov-hidden\" data-version=\"6.7.38\">\n\t\t\t\t\t<sr7-adjuster><\/sr7-adjuster>\n\t\t\t\t\t<sr7-content>\n\t\t\t\t\t\t<sr7-slide id=\"SR7_1_1-1\" data-key=\"1\">\n\t\t\t\t\t\t\t<sr7-bg id=\"SR7_1_1-1-1\" class=\"sr7-layer\"><noscript><img decoding=\"async\" src=\"https:\/\/sci-csi.org\/wp-content\/uploads\/2025\/08\/sci-background.jpg\" alt=\"\" title=\"sci background\"><\/noscript><\/sr7-bg>\n\t\t\t\t\t\t<\/sr7-slide>\n\t\t\t\t\t\t<sr7-slide id=\"SR7_1_1-2\" data-key=\"2\">\n\t\t\t\t\t\t<\/sr7-slide>\n\t\t\t\t\t<\/sr7-content>\n\t\t\t\t\t<image_lists style=\"display:none\">\n\t\t\t\t\t\t<img data-src=\"\/\/sci-csi.org\/wp-content\/uploads\/2025\/08\/sci-background.jpg\" data-libid=\"78\" data-lib=\"medialibrary\" title=\"sci background\" width=\"0\" height=\"0\" data-dbsrc=\"Ly9zY2ktY3NpLm9yZy93cC1jb250ZW50L3VwbG9hZHMvMjAyNS8wOC9zY2ktYmFja2dyb3VuZC5qcGc=\"\/>\n\t\t\t\t\t<\/image_lists>\n\t\t\t\t<\/sr7-module>\n\t\t\t\t<script>\n\t\t\t\t\tSR7.PMH ??={}; SR7.PMH[\"SR7_1_1\"] = {cn:100,state:false,fn: function() { if (_tpt!==undefined && _tpt.prepareModuleHeight !== undefined) {  _tpt.prepareModuleHeight({id:\"SR7_1_1\",el:[650,650,768,960,720],type:'standard',shdw:'0',gh:[650,650,600,550,500],gw:[1240,1240,1024,778,480],vpt:['-100px&#039;,&#039;-100px&#039;,&#039;-100px&#039;,&#039;-100px&#039;,&#039;-100px'],size:{fullWidth:true, fullHeight:false},mh:'0',onh:0,onw:0,bg:{color:'{\"orig\":\"transparent\",\"type\":\"solid\",\"string\":\"transparent\"}'}});   SR7.PMH[\"SR7_1_1\"].state=true;} else if(SR7.PMH[\"SR7_1_1\"].cn-->0)\tsetTimeout( SR7.PMH[\"SR7_1_1\"].fn,19);}};SR7.PMH[\"SR7_1_1\" ].fn();\n\t\t\t\t<\/script>\n[\/vc_column][\/vc_row][vc_row][vc_column][vc_column_text css=&#8221;&#8221;]<\/p>\n<h2 style=\"text-align: center;\"><b>Our Mission<\/b><\/h2>\n<p>[\/vc_column_text][vc_column_text css=&#8221;&#8221;]<\/p>\n<p style=\"text-align: center;\">Our mission is to promote clinical research, particularly in regions or countries where the practice of medicine coexists with the use of traditional remedies. This organization that seeks to promote clinical research beyond borders is inspired by the M\u00e9decins Sans Fronti\u00e8res (MSF) model. MSF works to make medical care accessible to low-income populations. Similarly, the cost of clinical research prevents these communities from addressing research questions that emerge from their history and traditional practices. We aim to create training programs and to initiate local clinical trials that can validate traditional therapies. With the goal of standardizing traditional therapies, we create opportunities and models for the participation of local researchers and patients in studies conducted at centers operating beyond their borders.<\/p>\n<p>[\/vc_column_text][\/vc_column][\/vc_row][vc_row gap=&#8221;25&#8243; equal_height=&#8221;yes&#8221; content_placement=&#8221;middle&#8221; css=&#8221;.vc_custom_1753147244418{padding-top: 70px !important;padding-bottom: 70px !important;}&#8221;][vc_column width=&#8221;1\/3&#8243; css=&#8221;.vc_custom_1753147167000{background-color: #FAFAFA !important;}&#8221;][vc_column_text css=&#8221;&#8221;]<\/p>\n<h3 style=\"text-align: center;\"><b>Current challenges in clinical research on traditional therapies.<\/b><\/h3>\n<p style=\"text-align: center;\">Certain types of tests or analyses are not available locally. The absence of a review committee and an approval mechanism for the therapies under study constitutes a major obstacle. CSI is working on the creation and management of these committees in accordance with local and international regulations or requirements.<\/p>\n<p>[\/vc_column_text][\/vc_column][vc_column width=&#8221;1\/3&#8243; css=&#8221;.vc_custom_1753147172651{background-color: #FAFAFA !important;}&#8221;][vc_column_text css=&#8221;&#8221;]<\/p>\n<h3 style=\"text-align: center;\"><b>Economic impact<\/b><\/h3>\n<p style=\"text-align: center;\">The validation of traditional therapies can stimulate agricultural production linked to healthcare demand. Even prior to clinical validation, the need for substantial quantities of natural products can encourage local production and thus contribute to economic development.<\/p>\n<p>[\/vc_column_text][\/vc_column][vc_column width=&#8221;1\/3&#8243; css=&#8221;.vc_custom_1753147201455{background-color: #FAFAFA !important;}&#8221;][vc_column_text css=&#8221;&#8221;]<\/p>\n<h3 style=\"text-align: center;\"><b>Qu\u2019est-ce qu\u2019un essai clinique<\/b><\/h3>\n<p style=\"text-align: center;\"><a href=\"http:\/\/www.aphp.fr\/recherche-et-innovation\/je-suis-patient\/quest-ce-quun-essai-clinique\">www.aphp.fr\/recherche-et-innovation\/je-suis-patient\/quest-ce-quun-essai-clinique<\/a><\/p>\n<p>[\/vc_column_text][\/vc_column][\/vc_row][vc_row][vc_column][vc_column_text css=&#8221;&#8221;]<\/p>\n<p style=\"text-align: center;\">Nature and its biodiversity have been a source of therapies for humankind for over 30,000 years.<\/p>\n<p style=\"text-align: center;\">Nature and its biodiversity are among the greatest reservoirs of therapeutic molecules and, historically, the largest source of inspiration for the development of modern medicines. Nature represents the most accessible reserve of therapeutic potential for disadvantaged populations. This is evidenced by the extensive documentation of traditional medicines in scientific journals focusing on natural products, functional foods, and even ethnology.<br \/>\nHowever, major investments in biodiversity protection in so-called disadvantaged regions are often not accompanied by financial support for the clinical validation of therapeutic observations derived from traditional treatments, nor for their transformation into standards of practice that could ensure their routine use in clinical settings.<\/p>\n<p>[\/vc_column_text]<div class=\"ult_exp_section_layer ult-adjust-bottom-margin  \" >\n\t\t<div id=\"uvc-exp-wrap-3858\" role=\"button\" tabindex=\"0\" aria-pressed=\"false\"  data-ultimate-target='#uvc-exp-wrap-3858'  data-responsive-json-new='{\"font-size\":\"desktop:20px;\",\"line-height\":\"desktop:20px;\"}'  class=\"ult_exp_section  ult-responsive \" style=\"color:#333333;background-color:#dbdbdb; font-weight:normal;  text-align:center;\" data-textcolor=\"#333333\"data-texthover=\"#333333\"data-icncolor=\"#333333\"data-ihover=\"#333333\"data-height=\"0\"data-cntbg=\"#dbdbdb\"data-cnthvrbg=\"#e5e5e5\"data-headerbg=\"#dbdbdb\"data-headerhover=\"#e5e5e5\"data-title=\"En savoir plus\"data-newtitle=\"Voir moins\"data-icon=\"\"data-newicon=\"\"data-activeicon=\"#333333\"data-effect=\"slideToggle\"data-override=\"0\"data-activetitle=\"#333333\"data-activebg=\"#dbdbdb\"data-img=\"\"data-newimg=\"\"><div  class=\"ult_exp_section-main \">\n\t\t\t\t\t<div class=\"ult_expheader\" >En savoir plus\n\t\t\t\t\t <\/div><\/div>\n\t\t\t\t<\/div><div class=\"ult_exp_content \" style=\"background-color:#dbdbdb;  \"><div class=\"ult_ecpsub_cont\" style=\" \" >[vc_column_text css=&#8221;&#8221;]<\/p>\n<p style=\"text-align: center;\">Une validation pour une maladie donn\u00e9e pourrait inspirer des hypoth\u00e8ses sur l\u2019expansion de l\u2019usage de la th\u00e9rapie au traitement de maladies autres que celles de l\u2019indication traditionnelle. Cette situation\u00a0 qui retarde l\u2019av\u00e8nement de perc\u00e9es scientifiques en faveur de ces populations d\u00e9favoris\u00e9es pourrait avoir quatre causes principales\u00a0: (1) l\u2019absence d\u2019organisations concertant leurs efforts dans le domaine de la translation th\u00e9rapeutique des observations rapport\u00e9es , (2) l\u2019absence de regroupement ou de concertation autour du sujet entre les membres du personnel m\u00e9dical\u00a0 dans divers h\u00f4pitaux de la m\u00eame r\u00e9gion, (3) l\u2019absence dans ces r\u00e9gions d\u2019infrastructure pour des validations pr\u00e9cliniques et cliniques, (4) \u00a0l\u2019h\u00e9sitation \u00e0 lancer des essais cliniques tr\u00e8s co\u00fbteux sur la base d\u2019usages traditionnels non \u00e9tay\u00e9s par des donn\u00e9es scientifiques pr\u00e9liminaires.<br \/>\nL\u2019objectif principal de Sciences Cliniques internationales-Clinical Sciences International-Scienze cliniche internationali\u00a0est d\u2019aider \u00e0 \u00a0surmonter ces obstacles\u00a0 en\u00a0 soutenant financi\u00e8rement les projets de recherche visant\u00a0: (1) \u00e0 former les acteurs locaux aux principes de recherche clinique, (2) \u00e0 \u00e9tablir ou r\u00e9pertorier des comit\u00e9s d\u2019experts pour \u00e9valuer la conformit\u00e9 des essais \u00a0\u00e0 la bonne pratique clinique, (3) cr\u00e9er et\u00a0 \u00e9tablir des groupes ou comit\u00e9s de pair institutionnels capables de garantir l\u2019approbation des propositions d\u2019essais cliniques selon les standards de niveau international, (4) \u00e9tablir la capacit\u00e9 informatique et biostatistique pour stocker et analyser les donn\u00e9es de mani\u00e8re s\u00e9curitaire.<\/p>\n<p>[\/vc_column_text]<\/div><\/div>\n\n\t\t\t<\/div>[\/vc_column][\/vc_row]<\/p>\n<\/div>","protected":false},"excerpt":{"rendered":"<p>[vc_row css=&#8221;.vc_custom_1753316905900{margin-bottom: 70px !important;}&#8221;][vc_column][\/vc_column][\/vc_row][vc_row][vc_column][vc_column_text css=&#8221;&#8221;] Our Mission [\/vc_column_text][vc_column_text css=&#8221;&#8221;] Our mission is to promote clinical research, particularly in regions or countries where the practice of medicine coexists with the use of traditional remedies. This organization that seeks to promote clinical research beyond borders is inspired by the M\u00e9decins Sans Fronti\u00e8res (MSF) model. MSF works to&hellip;<\/p>\n","protected":false},"author":2,"featured_media":0,"parent":0,"menu_order":0,"comment_status":"closed","ping_status":"closed","template":"","meta":{"footnotes":""},"class_list":["post-194","page","type-page","status-publish","hentry","description-off"],"yoast_head":"<!-- This site is optimized with the Yoast SEO plugin v27.6 - https:\/\/yoast.com\/product\/yoast-seo-wordpress\/ -->\n<title>Home - Sciences Cliniques Internationales | Clinical Sciences International<\/title>\n<meta name=\"robots\" content=\"noindex, follow, max-snippet:-1, max-image-preview:large, max-video-preview:-1\" \/>\n<meta property=\"og:locale\" content=\"en_US\" \/>\n<meta property=\"og:type\" content=\"article\" \/>\n<meta property=\"og:title\" content=\"Home - Sciences Cliniques Internationales | Clinical Sciences International\" \/>\n<meta property=\"og:description\" content=\"[vc_row css=&#8221;.vc_custom_1753316905900{margin-bottom: 70px !important;}&#8221;][vc_column][\/vc_column][\/vc_row][vc_row][vc_column][vc_column_text css=&#8221;&#8221;] Our Mission [\/vc_column_text][vc_column_text css=&#8221;&#8221;] Our mission is to promote clinical research, particularly in regions or countries where the practice of medicine coexists with the use of traditional remedies. This organization that seeks to promote clinical research beyond borders is inspired by the M\u00e9decins Sans Fronti\u00e8res (MSF) model. MSF works to&hellip;\" \/>\n<meta property=\"og:url\" content=\"https:\/\/sci-csi.org\/en\/\" \/>\n<meta property=\"og:site_name\" content=\"Sciences Cliniques Internationales | Clinical Sciences International\" \/>\n<meta property=\"article:modified_time\" content=\"2026-01-27T14:20:41+00:00\" \/>\n<meta name=\"twitter:card\" content=\"summary_large_image\" \/>\n<meta name=\"twitter:label1\" content=\"Est. reading time\" \/>\n\t<meta name=\"twitter:data1\" content=\"3 minutes\" \/>\n<script type=\"application\/ld+json\" class=\"yoast-schema-graph\">{\"@context\":\"https:\\\/\\\/schema.org\",\"@graph\":[{\"@type\":\"WebPage\",\"@id\":\"https:\\\/\\\/sci-csi.org\\\/en\\\/\",\"url\":\"https:\\\/\\\/sci-csi.org\\\/en\\\/\",\"name\":\"Home - Sciences Cliniques Internationales | Clinical Sciences International\",\"isPartOf\":{\"@id\":\"https:\\\/\\\/sci-csi.org\\\/#website\"},\"datePublished\":\"2025-07-21T20:28:03+00:00\",\"dateModified\":\"2026-01-27T14:20:41+00:00\",\"breadcrumb\":{\"@id\":\"https:\\\/\\\/sci-csi.org\\\/en\\\/#breadcrumb\"},\"inLanguage\":\"en-US\",\"potentialAction\":[{\"@type\":\"ReadAction\",\"target\":[\"https:\\\/\\\/sci-csi.org\\\/en\\\/\"]}]},{\"@type\":\"BreadcrumbList\",\"@id\":\"https:\\\/\\\/sci-csi.org\\\/en\\\/#breadcrumb\",\"itemListElement\":[{\"@type\":\"ListItem\",\"position\":1,\"name\":\"Home\",\"item\":\"https:\\\/\\\/sci-csi.org\\\/en\\\/\"},{\"@type\":\"ListItem\",\"position\":2,\"name\":\"Home\"}]},{\"@type\":\"WebSite\",\"@id\":\"https:\\\/\\\/sci-csi.org\\\/#website\",\"url\":\"https:\\\/\\\/sci-csi.org\\\/\",\"name\":\"Sciences Cliniques Internationales | Clinical Sciences International\",\"description\":\"\",\"potentialAction\":[{\"@type\":\"SearchAction\",\"target\":{\"@type\":\"EntryPoint\",\"urlTemplate\":\"https:\\\/\\\/sci-csi.org\\\/?s={search_term_string}\"},\"query-input\":{\"@type\":\"PropertyValueSpecification\",\"valueRequired\":true,\"valueName\":\"search_term_string\"}}],\"inLanguage\":\"en-US\"}]}<\/script>\n<!-- \/ Yoast SEO plugin. -->","yoast_head_json":{"title":"Home - Sciences Cliniques Internationales | Clinical Sciences International","robots":{"index":"noindex","follow":"follow","max-snippet":"max-snippet:-1","max-image-preview":"max-image-preview:large","max-video-preview":"max-video-preview:-1"},"og_locale":"en_US","og_type":"article","og_title":"Home - Sciences Cliniques Internationales | Clinical Sciences International","og_description":"[vc_row css=&#8221;.vc_custom_1753316905900{margin-bottom: 70px !important;}&#8221;][vc_column][\/vc_column][\/vc_row][vc_row][vc_column][vc_column_text css=&#8221;&#8221;] Our Mission [\/vc_column_text][vc_column_text css=&#8221;&#8221;] Our mission is to promote clinical research, particularly in regions or countries where the practice of medicine coexists with the use of traditional remedies. This organization that seeks to promote clinical research beyond borders is inspired by the M\u00e9decins Sans Fronti\u00e8res (MSF) model. MSF works to&hellip;","og_url":"https:\/\/sci-csi.org\/en\/","og_site_name":"Sciences Cliniques Internationales | Clinical Sciences International","article_modified_time":"2026-01-27T14:20:41+00:00","twitter_card":"summary_large_image","twitter_misc":{"Est. reading time":"3 minutes"},"schema":{"@context":"https:\/\/schema.org","@graph":[{"@type":"WebPage","@id":"https:\/\/sci-csi.org\/en\/","url":"https:\/\/sci-csi.org\/en\/","name":"Home - Sciences Cliniques Internationales | Clinical Sciences International","isPartOf":{"@id":"https:\/\/sci-csi.org\/#website"},"datePublished":"2025-07-21T20:28:03+00:00","dateModified":"2026-01-27T14:20:41+00:00","breadcrumb":{"@id":"https:\/\/sci-csi.org\/en\/#breadcrumb"},"inLanguage":"en-US","potentialAction":[{"@type":"ReadAction","target":["https:\/\/sci-csi.org\/en\/"]}]},{"@type":"BreadcrumbList","@id":"https:\/\/sci-csi.org\/en\/#breadcrumb","itemListElement":[{"@type":"ListItem","position":1,"name":"Home","item":"https:\/\/sci-csi.org\/en\/"},{"@type":"ListItem","position":2,"name":"Home"}]},{"@type":"WebSite","@id":"https:\/\/sci-csi.org\/#website","url":"https:\/\/sci-csi.org\/","name":"Sciences Cliniques Internationales | Clinical Sciences International","description":"","potentialAction":[{"@type":"SearchAction","target":{"@type":"EntryPoint","urlTemplate":"https:\/\/sci-csi.org\/?s={search_term_string}"},"query-input":{"@type":"PropertyValueSpecification","valueRequired":true,"valueName":"search_term_string"}}],"inLanguage":"en-US"}]}},"_links":{"self":[{"href":"https:\/\/sci-csi.org\/en\/wp-json\/wp\/v2\/pages\/194","targetHints":{"allow":["GET"]}}],"collection":[{"href":"https:\/\/sci-csi.org\/en\/wp-json\/wp\/v2\/pages"}],"about":[{"href":"https:\/\/sci-csi.org\/en\/wp-json\/wp\/v2\/types\/page"}],"author":[{"embeddable":true,"href":"https:\/\/sci-csi.org\/en\/wp-json\/wp\/v2\/users\/2"}],"replies":[{"embeddable":true,"href":"https:\/\/sci-csi.org\/en\/wp-json\/wp\/v2\/comments?post=194"}],"version-history":[{"count":0,"href":"https:\/\/sci-csi.org\/en\/wp-json\/wp\/v2\/pages\/194\/revisions"}],"wp:attachment":[{"href":"https:\/\/sci-csi.org\/en\/wp-json\/wp\/v2\/media?parent=194"}],"curies":[{"name":"wp","href":"https:\/\/api.w.org\/{rel}","templated":true}]}}